{"id":551,"date":"2024-03-28T23:21:03","date_gmt":"2024-03-29T04:21:03","guid":{"rendered":"https:\/\/aventurerosporelllano.com.co\/?page_id=551"},"modified":"2026-04-09T15:48:03","modified_gmt":"2026-04-09T20:48:03","slug":"contacto","status":"publish","type":"page","link":"https:\/\/aventurerosporelllano.com.co\/en\/contacto\/","title":{"rendered":"Contact"},"content":{"rendered":"\t\t<div data-elementor-type=\"wp-page\" data-elementor-id=\"551\" class=\"elementor elementor-551\" data-elementor-post-type=\"page\">\n\t\t\t\t<div class=\"elementor-element elementor-element-6d51b3ee e-con-full e-flex e-con e-parent\" data-id=\"6d51b3ee\" data-element_type=\"container\" data-e-type=\"container\" data-settings=\"{&quot;background_background&quot;:&quot;classic&quot;}\">\n\t\t\t\t<\/div>\n\t\t<div class=\"elementor-element elementor-element-7586c484 e-con-full e-flex e-con e-parent\" data-id=\"7586c484\" data-element_type=\"container\" data-e-type=\"container\" data-settings=\"{&quot;background_background&quot;:&quot;classic&quot;}\">\n\t\t\t\t<div class=\"elementor-element elementor-element-2825d008 elementor-widget elementor-widget-heading\" data-id=\"2825d008\" data-element_type=\"widget\" data-e-type=\"widget\" data-widget_type=\"heading.default\">\n\t\t\t\t<div class=\"elementor-widget-container\">\n\t\t\t\t\t<h1 class=\"elementor-heading-title elementor-size-default\">Resolvemos todas tus dudas<\/h1>\t\t\t\t<\/div>\n\t\t\t\t<\/div>\n\t\t\t\t<div class=\"elementor-element elementor-element-4205f4e7 elementor-widget__width-inherit elementor-widget-mobile__width-inherit elementor-widget elementor-widget-text-editor\" data-id=\"4205f4e7\" data-element_type=\"widget\" data-e-type=\"widget\" data-widget_type=\"text-editor.default\">\n\t\t\t\t<div class=\"elementor-widget-container\">\n\t\t\t\t\t\t\t\t\t<p>\u00bfTienes dudas sobre tu pr\u00f3ximo destino y\/o aventura?\u00bfNecesitas recomendaciones sobre actividades, excursiones?<br \/>Hablemos de tu viaje.<\/p>\t\t\t\t\t\t\t\t<\/div>\n\t\t\t\t<\/div>\n\t\t\t\t<\/div>\n\t\t\t\t<section class=\"elementor-section elementor-top-section elementor-element elementor-element-fsnqgut elementor-section-content-middle elementor-section-full_width elementor-section-height-default elementor-section-height-default\" data-id=\"fsnqgut\" data-element_type=\"section\" data-e-type=\"section\" data-settings=\"{&quot;background_background&quot;:&quot;classic&quot;}\">\n\t\t\t\t\t\t<div class=\"elementor-container elementor-column-gap-default\">\n\t\t\t\t\t<div class=\"elementor-column elementor-col-66 elementor-top-column elementor-element elementor-element-c1c40da\" data-id=\"c1c40da\" data-element_type=\"column\" data-e-type=\"column\">\n\t\t\t<div class=\"elementor-widget-wrap elementor-element-populated\">\n\t\t\t\t\t\t<div class=\"elementor-element elementor-element-ab1623e elementor-widget elementor-widget-image\" data-id=\"ab1623e\" data-element_type=\"widget\" data-e-type=\"widget\" data-widget_type=\"image.default\">\n\t\t\t\t<div class=\"elementor-widget-container\">\n\t\t\t\t\t\t\t\t\t\t\t\t\t\t\t<img fetchpriority=\"high\" decoding=\"async\" width=\"290\" height=\"309\" src=\"https:\/\/aventurerosporelllano.com.co\/wp-content\/uploads\/2024\/05\/cropped-Logo-letra-azul-centrada-png-100x107.png\" class=\"attachment-large size-large wp-image-3908\" alt=\"\" srcset=\"https:\/\/aventurerosporelllano.com.co\/wp-content\/uploads\/2024\/05\/cropped-Logo-letra-azul-centrada-png.png 1x, https:\/\/aventurerosporelllano.com.co\/wp-content\/uploads\/2024\/05\/cropped-Logo-letra-azul-centrada-png.png 2x\" sizes=\"(max-width: 290px) 100vw, 290px\" \/>\t\t\t\t\t\t\t\t\t\t\t\t\t\t\t<\/div>\n\t\t\t\t<\/div>\n\t\t\t\t<div class=\"elementor-element elementor-element-e64c83e elementor-widget elementor-widget-text-editor\" data-id=\"e64c83e\" data-element_type=\"widget\" data-e-type=\"widget\" data-widget_type=\"text-editor.default\">\n\t\t\t\t<div class=\"elementor-widget-container\">\n\t\t\t\t\t\t\t\t\t<p>En <strong>Aventureros por el Llano,<\/strong> estamos comprometidos en brindar a nuestros clientes experiencias de viaje inolvidables. Si tienes dudas de alg\u00fan destino contacta a nuestros expertos utilizando el formulario de contacto o cont\u00e1ctanos directamente al WhastApp.<\/p>\t\t\t\t\t\t\t\t<\/div>\n\t\t\t\t<\/div>\n\t\t\t\t\t<\/div>\n\t\t<\/div>\n\t\t\t\t<div class=\"elementor-column elementor-col-33 elementor-top-column elementor-element elementor-element-6e4fa27\" data-id=\"6e4fa27\" data-element_type=\"column\" data-e-type=\"column\" data-settings=\"{&quot;background_background&quot;:&quot;classic&quot;}\">\n\t\t\t<div class=\"elementor-widget-wrap elementor-element-populated\">\n\t\t\t\t\t\t<div class=\"elementor-element elementor-element-f83ef7b elementor-widget elementor-widget-heading\" data-id=\"f83ef7b\" data-element_type=\"widget\" data-e-type=\"widget\" data-widget_type=\"heading.default\">\n\t\t\t\t<div class=\"elementor-widget-container\">\n\t\t\t\t\t<h3 class=\"elementor-heading-title elementor-size-default\">Env\u00edanos un mensaje<\/h3>\t\t\t\t<\/div>\n\t\t\t\t<\/div>\n\t\t\t\t<div class=\"elementor-element elementor-element-2d67857 elementor-widget elementor-widget-text-editor\" data-id=\"2d67857\" data-element_type=\"widget\" data-e-type=\"widget\" data-widget_type=\"text-editor.default\">\n\t\t\t\t<div class=\"elementor-widget-container\">\n\t\t\t\t\t\t\t\t\t<p>D\u00e9janos tus datos y un experto en viajes te contactar\u00e1<\/p>\t\t\t\t\t\t\t\t<\/div>\n\t\t\t\t<\/div>\n\t\t\t\t<div class=\"elementor-element elementor-element-9a43dc9 elementor-widget elementor-widget-shortcode\" data-id=\"9a43dc9\" data-element_type=\"widget\" data-e-type=\"widget\" data-widget_type=\"shortcode.default\">\n\t\t\t\t<div class=\"elementor-widget-container\">\n\t\t\t\t\t\t\t<div class=\"elementor-shortcode\"><div class=\"wpforms-container \" id=\"wpforms-1130\"><form id=\"wpforms-form-1130\" class=\"wpforms-validate wpforms-form\" data-formid=\"1130\" method=\"post\" enctype=\"multipart\/form-data\" action=\"\/en\/wp-json\/wp\/v2\/pages\/551\" data-token=\"bc6fc79f39be7aa16220bdadee8162fe\" data-token-time=\"1777485425\"><noscript class=\"wpforms-error-noscript\">Please enable JavaScript in your browser to complete this form.<\/noscript><div class=\"wpforms-field-container\"><div id=\"wpforms-1130-field_0-container\" class=\"wpforms-field wpforms-field-name\" data-field-id=\"0\"><label class=\"wpforms-field-label wpforms-label-hide\" for=\"wpforms-1130-field_0\">Nombre <span class=\"wpforms-required-label\">*<\/span><\/label><input type=\"text\" id=\"wpforms-1130-field_0\" class=\"wpforms-field-large wpforms-field-required\" name=\"wpforms[fields][0]\" placeholder=\"Nombre\" required><\/div><div id=\"wpforms-1130-field_4-container\" class=\"wpforms-field wpforms-field-name\" data-field-id=\"4\"><label class=\"wpforms-field-label wpforms-label-hide\" for=\"wpforms-1130-field_4\">N\u00famero de celular <span class=\"wpforms-required-label\">*<\/span><\/label><input type=\"text\" id=\"wpforms-1130-field_4\" class=\"wpforms-field-large wpforms-field-required\" name=\"wpforms[fields][4]\" placeholder=\"N\u00famero de celular\" required><\/div><div id=\"wpforms-1130-field_1-container\" class=\"wpforms-field wpforms-field-email\" data-field-id=\"1\"><label class=\"wpforms-field-label wpforms-label-hide\" for=\"wpforms-1130-field_1\">Correo <span class=\"wpforms-required-label\">*<\/span><\/label><input type=\"email\" id=\"wpforms-1130-field_1\" class=\"wpforms-field-large wpforms-field-required\" name=\"wpforms[fields][1]\" placeholder=\"Correo\" spellcheck=\"false\" required><\/div><div id=\"wpforms-1130-field_2-container\" class=\"wpforms-field wpforms-field-textarea\" data-field-id=\"2\"><label class=\"wpforms-field-label wpforms-label-hide\" for=\"wpforms-1130-field_2\">Comentario o mensaje <span class=\"wpforms-required-label\">*<\/span><\/label><textarea id=\"wpforms-1130-field_2\" class=\"wpforms-field-medium wpforms-field-required\" name=\"wpforms[fields][2]\" placeholder=\"Deja aqu\u00ed tu mensaje\" required><\/textarea><\/div><div id=\"wpforms-1130-field_5-container\" class=\"wpforms-field wpforms-field-checkbox\" data-field-id=\"5\"><ul id=\"wpforms-1130-field_5\"><li class=\"choice-1 depth-1\"><input type=\"checkbox\" id=\"wpforms-1130-field_5_1\" name=\"wpforms[fields][5][]\" value=\"He le\u00eddo y acepto los t\u00e9rminos de las pol\u00edticas de privacidad\"  ><label class=\"wpforms-field-label-inline\" for=\"wpforms-1130-field_5_1\">He le\u00eddo y acepto los t\u00e9rminos de las pol\u00edticas de privacidad<\/label><\/li><li class=\"choice-4 depth-1\"><input type=\"checkbox\" id=\"wpforms-1130-field_5_4\" name=\"wpforms[fields][5][]\" value=\"Autorizo el tratamiento de mis datos en base a la Ley 1581 del 2012\"  ><label class=\"wpforms-field-label-inline\" for=\"wpforms-1130-field_5_4\">Autorizo el tratamiento de mis datos en base a la Ley 1581 del 2012<\/label><\/li><\/ul><\/div><\/div><!-- .wpforms-field-container --><div class=\"wpforms-field wpforms-field-hp\"><label for=\"wpforms-1130-field-hp\" class=\"wpforms-field-label\">Website<\/label><input type=\"text\" name=\"wpforms[hp]\" id=\"wpforms-1130-field-hp\" class=\"wpforms-field-medium\"><\/div><div class=\"wpforms-submit-container\" ><input type=\"hidden\" name=\"wpforms[id]\" value=\"1130\"><input type=\"hidden\" name=\"page_title\" value=\"\"><input type=\"hidden\" name=\"page_url\" value=\"https:\/\/aventurerosporelllano.com.co\/en\/wp-json\/wp\/v2\/pages\/551\"><input type=\"hidden\" name=\"url_referer\" value=\"\"><button type=\"submit\" name=\"wpforms[submit]\" id=\"wpforms-submit-1130\" class=\"wpforms-submit\" data-alt-text=\"Enviando...\" data-submit-text=\"Enviar\" aria-live=\"assertive\" value=\"wpforms-submit\">Enviar<\/button><\/div><\/form><\/div>  <!-- .wpforms-container --><\/div>\n\t\t\t\t\t\t<\/div>\n\t\t\t\t<\/div>\n\t\t\t\t<div class=\"elementor-element elementor-element-4c3d3b7 elementor-widget elementor-widget-heading\" data-id=\"4c3d3b7\" data-element_type=\"widget\" data-e-type=\"widget\" data-widget_type=\"heading.default\">\n\t\t\t\t<div class=\"elementor-widget-container\">\n\t\t\t\t\t<h2 class=\"elementor-heading-title elementor-size-default\"><a href=\"https:\/\/aventurerosporelllano.com.co\/en\/terminos-y-condiciones\/\" target=\"_blank\">POLITICAS DE PRIVACIDAD<\/a><\/h2>\t\t\t\t<\/div>\n\t\t\t\t<\/div>\n\t\t\t\t<div class=\"elementor-element elementor-element-1547ac1 elementor-widget elementor-widget-text-editor\" data-id=\"1547ac1\" data-element_type=\"widget\" data-e-type=\"widget\" data-widget_type=\"text-editor.default\">\n\t\t\t\t<div class=\"elementor-widget-container\">\n\t\t\t\t\t\t\t\t\t<p>Tus datos personales se utilizar\u00e1n para procesar tu solicitud, apoyar tu experiencia en nuestro sitio web y para otros fines descritos en nuestra Pol\u00edtica de privacidad.<\/p>\t\t\t\t\t\t\t\t<\/div>\n\t\t\t\t<\/div>\n\t\t\t\t\t<\/div>\n\t\t<\/div>\n\t\t\t\t\t<\/div>\n\t\t<\/section>\n\t\t<footer class=\"elementor-element elementor-element-c58a746 e-con-full e-flex e-con e-parent\" data-id=\"c58a746\" data-element_type=\"container\" data-e-type=\"container\" data-settings=\"{&quot;background_background&quot;:&quot;gradient&quot;}\">\n\t\t<div class=\"elementor-element elementor-element-437ab20 e-con-full e-flex e-con e-child\" data-id=\"437ab20\" data-element_type=\"container\" data-e-type=\"container\">\n\t\t\t\t<div class=\"elementor-element elementor-element-aa5bfa5 elementor-widget elementor-widget-heading\" data-id=\"aa5bfa5\" data-element_type=\"widget\" data-e-type=\"widget\" data-widget_type=\"heading.default\">\n\t\t\t\t<div class=\"elementor-widget-container\">\n\t\t\t\t\t<h4 class=\"elementor-heading-title elementor-size-default\">Contacto<\/h4>\t\t\t\t<\/div>\n\t\t\t\t<\/div>\n\t\t\t\t<div class=\"elementor-element elementor-element-dcb17c6 elementor-widget__width-initial elementor-widget elementor-widget-text-editor\" data-id=\"dcb17c6\" data-element_type=\"widget\" data-e-type=\"widget\" data-widget_type=\"text-editor.default\">\n\t\t\t\t<div class=\"elementor-widget-container\">\n\t\t\t\t\t\t\t\t\t<p>RNT: 870557<br \/>Villavicencio \u2013 Meta, Colombia<br \/>+57 3224248518<br \/>+57 3212828468<br \/>Gerencia@aventurerosporelllano.com.co<\/p>\t\t\t\t\t\t\t\t<\/div>\n\t\t\t\t<\/div>\n\t\t\t\t<\/div>\n\t\t<div class=\"elementor-element elementor-element-e351b12 e-con-full e-flex e-con e-child\" data-id=\"e351b12\" data-element_type=\"container\" data-e-type=\"container\">\n\t\t\t\t<div class=\"elementor-element elementor-element-1becca4 elementor-widget elementor-widget-heading\" data-id=\"1becca4\" data-element_type=\"widget\" data-e-type=\"widget\" data-widget_type=\"heading.default\">\n\t\t\t\t<div class=\"elementor-widget-container\">\n\t\t\t\t\t<h4 class=\"elementor-heading-title elementor-size-default\">Horario<\/h4>\t\t\t\t<\/div>\n\t\t\t\t<\/div>\n\t\t\t\t<div class=\"elementor-element elementor-element-eea7842 elementor-widget elementor-widget-text-editor\" data-id=\"eea7842\" data-element_type=\"widget\" data-e-type=\"widget\" data-widget_type=\"text-editor.default\">\n\t\t\t\t<div class=\"elementor-widget-container\">\n\t\t\t\t\t\t\t\t\t<p>Lunes a Viernes:<br \/>08:00 a.m. &#8211; 08:30 p.m.<br \/>S\u00e1bado:<br \/>08:00 a.m. &#8211; 02:00 p.m.<\/p>\t\t\t\t\t\t\t\t<\/div>\n\t\t\t\t<\/div>\n\t\t\t\t<\/div>\n\t\t<div class=\"elementor-element elementor-element-62ba612 e-con-full e-flex e-con e-child\" data-id=\"62ba612\" data-element_type=\"container\" data-e-type=\"container\">\n\t\t\t\t<div class=\"elementor-element elementor-element-c04ffc9 elementor-widget elementor-widget-heading\" data-id=\"c04ffc9\" data-element_type=\"widget\" data-e-type=\"widget\" data-widget_type=\"heading.default\">\n\t\t\t\t<div class=\"elementor-widget-container\">\n\t\t\t\t\t<h4 class=\"elementor-heading-title elementor-size-default\">Enlaces r\u00e1pidos<\/h4>\t\t\t\t<\/div>\n\t\t\t\t<\/div>\n\t\t\t\t<div class=\"elementor-element elementor-element-8facc65 elementor-widget elementor-widget-nav-menu\" data-id=\"8facc65\" data-element_type=\"widget\" data-e-type=\"widget\" data-settings=\"{&quot;layout&quot;:&quot;dropdown&quot;,&quot;submenu_icon&quot;:{&quot;value&quot;:&quot;&lt;svg aria-hidden=\\&quot;true\\&quot; class=\\&quot;e-font-icon-svg e-fas-caret-down\\&quot; viewBox=\\&quot;0 0 320 512\\&quot; xmlns=\\&quot;http:\\\/\\\/www.w3.org\\\/2000\\\/svg\\&quot;&gt;&lt;path d=\\&quot;M31.3 192h257.3c17.8 0 26.7 21.5 14.1 34.1L174.1 354.8c-7.8 7.8-20.5 7.8-28.3 0L17.2 226.1C4.6 213.5 13.5 192 31.3 192z\\&quot;&gt;&lt;\\\/path&gt;&lt;\\\/svg&gt;&quot;,&quot;library&quot;:&quot;fa-solid&quot;}}\" data-widget_type=\"nav-menu.default\">\n\t\t\t\t<div class=\"elementor-widget-container\">\n\t\t\t\t\t\t\t\t<nav class=\"elementor-nav-menu--dropdown elementor-nav-menu__container\" aria-hidden=\"true\">\n\t\t\t\t<ul id=\"menu-2-8facc65\" class=\"elementor-nav-menu\"><li class=\"menu-item menu-item-type-post_type menu-item-object-page menu-item-home menu-item-3802\"><a href=\"https:\/\/aventurerosporelllano.com.co\/en\/\" class=\"elementor-item menu-link\" tabindex=\"-1\">Inicio<\/a><\/li>\n<li class=\"menu-item menu-item-type-post_type menu-item-object-page menu-item-3809\"><a href=\"https:\/\/aventurerosporelllano.com.co\/en\/nosotros\/\" class=\"elementor-item menu-link\" tabindex=\"-1\">Nosotros<\/a><\/li>\n<li class=\"menu-item menu-item-type-post_type menu-item-object-page menu-item-has-children menu-item-3804\"><a aria-expanded=\"false\" href=\"https:\/\/aventurerosporelllano.com.co\/en\/planes\/\" class=\"elementor-item menu-link\" tabindex=\"-1\">Planes<span role=\"button\" class=\"dropdown-menu-toggle ast-header-navigation-arrow\" tabindex=\"0\" aria-expanded=\"false\" aria-label=\"Menu Toggle\" aria-haspopup=\"true\"><\/span><\/a>\n<ul class=\"sub-menu elementor-nav-menu--dropdown\">\n\t<li class=\"menu-item menu-item-type-post_type menu-item-object-page menu-item-3807\"><a href=\"https:\/\/aventurerosporelllano.com.co\/en\/dpto-meta\/\" class=\"elementor-sub-item menu-link\" tabindex=\"-1\">Dpto. Meta<\/a><\/li>\n\t<li class=\"menu-item menu-item-type-post_type menu-item-object-page menu-item-3806\"><a href=\"https:\/\/aventurerosporelllano.com.co\/en\/nacionales\/\" class=\"elementor-sub-item menu-link\" tabindex=\"-1\">Nacionales<\/a><\/li>\n\t<li class=\"menu-item menu-item-type-post_type menu-item-object-page menu-item-3805\"><a href=\"https:\/\/aventurerosporelllano.com.co\/en\/internacionales\/\" class=\"elementor-sub-item menu-link\" tabindex=\"-1\">Internacionales<\/a><\/li>\n<\/ul>\n<\/li>\n<li class=\"menu-item menu-item-type-post_type menu-item-object-page menu-item-3803\"><a href=\"https:\/\/aventurerosporelllano.com.co\/en\/experiencias\/\" class=\"elementor-item menu-link\" tabindex=\"-1\">Experiencias<\/a><\/li>\n<li class=\"menu-item menu-item-type-post_type menu-item-object-page menu-item-3808\"><a href=\"https:\/\/aventurerosporelllano.com.co\/en\/contacto\/\" class=\"elementor-item menu-link\" tabindex=\"-1\">Contacto<\/a><\/li>\n<\/ul>\t\t\t<\/nav>\n\t\t\t\t\t\t<\/div>\n\t\t\t\t<\/div>\n\t\t\t\t<\/div>\n\t\t<div class=\"elementor-element elementor-element-391514e e-con-full e-flex e-con e-child\" data-id=\"391514e\" data-element_type=\"container\" data-e-type=\"container\">\n\t\t\t\t<div class=\"elementor-element elementor-element-1c31d15 elementor-widget elementor-widget-heading\" data-id=\"1c31d15\" data-element_type=\"widget\" data-e-type=\"widget\" data-widget_type=\"heading.default\">\n\t\t\t\t<div class=\"elementor-widget-container\">\n\t\t\t\t\t<h4 class=\"elementor-heading-title elementor-size-default\">Informaci\u00f3n importante<\/h4>\t\t\t\t<\/div>\n\t\t\t\t<\/div>\n\t\t\t\t<div class=\"elementor-element elementor-element-b378772 elementor-icon-list--layout-traditional elementor-list-item-link-full_width elementor-widget elementor-widget-icon-list\" data-id=\"b378772\" data-element_type=\"widget\" data-e-type=\"widget\" data-widget_type=\"icon-list.default\">\n\t\t\t\t<div class=\"elementor-widget-container\">\n\t\t\t\t\t\t\t<ul class=\"elementor-icon-list-items\">\n\t\t\t\t\t\t\t<li class=\"elementor-icon-list-item\">\n\t\t\t\t\t\t\t\t\t\t\t<a href=\"https:\/\/aventurerosporelllano.com.co\/en\/terminos-y-condiciones\/\">\n\n\t\t\t\t\t\t\t\t\t\t\t<span class=\"elementor-icon-list-text\">T\u00e9rminos y condiciones<\/span>\n\t\t\t\t\t\t\t\t\t\t\t<\/a>\n\t\t\t\t\t\t\t\t\t<\/li>\n\t\t\t\t\t\t<\/ul>\n\t\t\t\t\t\t<\/div>\n\t\t\t\t<\/div>\n\t\t\t\t<\/div>\n\t\t<div class=\"elementor-element elementor-element-4c51fbc e-con-full e-flex e-con e-child\" data-id=\"4c51fbc\" data-element_type=\"container\" data-e-type=\"container\">\n\t\t\t\t<div class=\"elementor-element elementor-element-4225bd7 elementor-widget elementor-widget-heading\" data-id=\"4225bd7\" data-element_type=\"widget\" data-e-type=\"widget\" data-widget_type=\"heading.default\">\n\t\t\t\t<div class=\"elementor-widget-container\">\n\t\t\t\t\t<h4 class=\"elementor-heading-title elementor-size-default\">S\u00edguenos<\/h4>\t\t\t\t<\/div>\n\t\t\t\t<\/div>\n\t\t\t\t<div class=\"elementor-element elementor-element-d2d157b elementor-widget__width-initial elementor-widget elementor-widget-image\" data-id=\"d2d157b\" data-element_type=\"widget\" data-e-type=\"widget\" data-widget_type=\"image.default\">\n\t\t\t\t<div class=\"elementor-widget-container\">\n\t\t\t\t\t\t\t\t\t\t\t\t\t\t\t\t<a href=\"https:\/\/www.facebook.com\/aventurerosporelllano?mibextid=ZbWKwL\" target=\"_blank\">\n\t\t\t\t\t\t\t<img decoding=\"async\" width=\"300\" height=\"300\" data-src=\"https:\/\/aventurerosporelllano.com.co\/wp-content\/uploads\/2024\/04\/facebook-icon-logo-819DD0A07B-seeklogo.com_.png\" class=\"attachment-large size-large wp-image-2106 lazyload\" alt=\"\" data-srcset=\"https:\/\/aventurerosporelllano.com.co\/wp-content\/uploads\/2024\/04\/facebook-icon-logo-819DD0A07B-seeklogo.com_.png 300w, https:\/\/aventurerosporelllano.com.co\/wp-content\/uploads\/2024\/04\/facebook-icon-logo-819DD0A07B-seeklogo.com_-150x150.png 150w\" data-sizes=\"(max-width: 300px) 100vw, 300px\" src=\"data:image\/svg+xml;base64,PHN2ZyB3aWR0aD0iMSIgaGVpZ2h0PSIxIiB4bWxucz0iaHR0cDovL3d3dy53My5vcmcvMjAwMC9zdmciPjwvc3ZnPg==\" style=\"--smush-placeholder-width: 300px; --smush-placeholder-aspect-ratio: 300\/300;\" \/>\t\t\t\t\t\t\t\t<\/a>\n\t\t\t\t\t\t\t\t\t\t\t\t\t\t\t<\/div>\n\t\t\t\t<\/div>\n\t\t\t\t<div class=\"elementor-element elementor-element-0714332 elementor-widget__width-initial elementor-widget elementor-widget-image\" data-id=\"0714332\" data-element_type=\"widget\" data-e-type=\"widget\" data-widget_type=\"image.default\">\n\t\t\t\t<div class=\"elementor-widget-container\">\n\t\t\t\t\t\t\t\t\t\t\t\t\t\t\t\t<a href=\"https:\/\/www.instagram.com\/aventurerosporelllano?igsh=YTM1Zms4ZzZqb3ox\" target=\"_blank\">\n\t\t\t\t\t\t\t<img decoding=\"async\" width=\"300\" height=\"300\" data-src=\"https:\/\/aventurerosporelllano.com.co\/wp-content\/uploads\/2024\/04\/instagram-new-2016-logo-D9D42A0AD4-seeklogo.com_.png\" class=\"attachment-large size-large wp-image-2105 lazyload\" alt=\"\" data-srcset=\"https:\/\/aventurerosporelllano.com.co\/wp-content\/uploads\/2024\/04\/instagram-new-2016-logo-D9D42A0AD4-seeklogo.com_.png 300w, https:\/\/aventurerosporelllano.com.co\/wp-content\/uploads\/2024\/04\/instagram-new-2016-logo-D9D42A0AD4-seeklogo.com_-150x150.png 150w\" data-sizes=\"(max-width: 300px) 100vw, 300px\" src=\"data:image\/svg+xml;base64,PHN2ZyB3aWR0aD0iMSIgaGVpZ2h0PSIxIiB4bWxucz0iaHR0cDovL3d3dy53My5vcmcvMjAwMC9zdmciPjwvc3ZnPg==\" style=\"--smush-placeholder-width: 300px; --smush-placeholder-aspect-ratio: 300\/300;\" \/>\t\t\t\t\t\t\t\t<\/a>\n\t\t\t\t\t\t\t\t\t\t\t\t\t\t\t<\/div>\n\t\t\t\t<\/div>\n\t\t\t\t<\/div>\n\t\t\t\t<\/footer>\n\t\t<div class=\"elementor-element elementor-element-f2b0761 e-flex e-con-boxed e-con e-parent\" data-id=\"f2b0761\" data-element_type=\"container\" data-e-type=\"container\" data-settings=\"{&quot;background_background&quot;:&quot;classic&quot;}\">\n\t\t\t\t\t<div class=\"e-con-inner\">\n\t\t\t\t<div class=\"elementor-element elementor-element-ded6580 elementor-widget elementor-widget-heading\" data-id=\"ded6580\" data-element_type=\"widget\" data-e-type=\"widget\" data-widget_type=\"heading.default\">\n\t\t\t\t<div class=\"elementor-widget-container\">\n\t\t\t\t\t<p class=\"elementor-heading-title elementor-size-default\"><a href=\"https:\/\/linkingcol.com\/\" target=\"_blank\">Copyright \u00a9 2024 aventurerosporelllano.com.co<br>\nDesarrollado por Linkingcol<\/a><\/p>\t\t\t\t<\/div>\n\t\t\t\t<\/div>\n\t\t\t\t\t<\/div>\n\t\t\t\t<\/div>\n\t\t\t\t<\/div>\n\t\t","protected":false},"excerpt":{"rendered":"<p>Resolvemos todas tus dudas \u00bfTienes dudas sobre tu pr\u00f3ximo destino y\/o aventura?\u00bfNecesitas recomendaciones sobre actividades, excursiones?Hablemos de tu viaje. En Aventureros por el Llano, estamos comprometidos en brindar a nuestros clientes experiencias de viaje inolvidables. Si tienes dudas de alg\u00fan destino contacta a nuestros expertos utilizando el formulario de contacto o cont\u00e1ctanos directamente al WhastApp. [&hellip;]<\/p>\n","protected":false},"author":1,"featured_media":0,"parent":0,"menu_order":0,"comment_status":"closed","ping_status":"closed","template":"","meta":{"site-sidebar-layout":"no-sidebar","site-content-layout":"page-builder","ast-site-content-layout":"full-width-container","site-content-style":"default","site-sidebar-style":"default","ast-global-header-display":"","ast-banner-title-visibility":"","ast-main-header-display":"","ast-hfb-above-header-display":"","ast-hfb-below-header-display":"","ast-hfb-mobile-header-display":"","site-post-title":"disabled","ast-breadcrumbs-content":"","ast-featured-img":"disabled","footer-sml-layout":"","ast-disable-related-posts":"","theme-transparent-header-meta":"","adv-header-id-meta":"","stick-header-meta":"","header-above-stick-meta":"","header-main-stick-meta":"","header-below-stick-meta":"","astra-migrate-meta-layouts":"set","ast-page-background-enabled":"default","ast-page-background-meta":{"desktop":{"background-color":"","background-image":"","background-repeat":"repeat","background-position":"center center","background-size":"auto","background-attachment":"scroll","background-type":"","background-media":"","overlay-type":"","overlay-color":"","overlay-opacity":"","overlay-gradient":""},"tablet":{"background-color":"","background-image":"","background-repeat":"repeat","background-position":"center center","background-size":"auto","background-attachment":"scroll","background-type":"","background-media":"","overlay-type":"","overlay-color":"","overlay-opacity":"","overlay-gradient":""},"mobile":{"background-color":"","background-image":"","background-repeat":"repeat","background-position":"center center","background-size":"auto","background-attachment":"scroll","background-type":"","background-media":"","overlay-type":"","overlay-color":"","overlay-opacity":"","overlay-gradient":""}},"ast-content-background-meta":{"desktop":{"background-color":"var(--ast-global-color-5)","background-image":"","background-repeat":"repeat","background-position":"center center","background-size":"auto","background-attachment":"scroll","background-type":"","background-media":"","overlay-type":"","overlay-color":"","overlay-opacity":"","overlay-gradient":""},"tablet":{"background-color":"var(--ast-global-color-5)","background-image":"","background-repeat":"repeat","background-position":"center center","background-size":"auto","background-attachment":"scroll","background-type":"","background-media":"","overlay-type":"","overlay-color":"","overlay-opacity":"","overlay-gradient":""},"mobile":{"background-color":"var(--ast-global-color-5)","background-image":"","background-repeat":"repeat","background-position":"center center","background-size":"auto","background-attachment":"scroll","background-type":"","background-media":"","overlay-type":"","overlay-color":"","overlay-opacity":"","overlay-gradient":""}},"_joinchat":[],"footnotes":""},"class_list":["post-551","page","type-page","status-publish","hentry"],"_links":{"self":[{"href":"https:\/\/aventurerosporelllano.com.co\/en\/wp-json\/wp\/v2\/pages\/551","targetHints":{"allow":["GET"]}}],"collection":[{"href":"https:\/\/aventurerosporelllano.com.co\/en\/wp-json\/wp\/v2\/pages"}],"about":[{"href":"https:\/\/aventurerosporelllano.com.co\/en\/wp-json\/wp\/v2\/types\/page"}],"author":[{"embeddable":true,"href":"https:\/\/aventurerosporelllano.com.co\/en\/wp-json\/wp\/v2\/users\/1"}],"replies":[{"embeddable":true,"href":"https:\/\/aventurerosporelllano.com.co\/en\/wp-json\/wp\/v2\/comments?post=551"}],"version-history":[{"count":211,"href":"https:\/\/aventurerosporelllano.com.co\/en\/wp-json\/wp\/v2\/pages\/551\/revisions"}],"predecessor-version":[{"id":5110,"href":"https:\/\/aventurerosporelllano.com.co\/en\/wp-json\/wp\/v2\/pages\/551\/revisions\/5110"}],"wp:attachment":[{"href":"https:\/\/aventurerosporelllano.com.co\/en\/wp-json\/wp\/v2\/media?parent=551"}],"curies":[{"name":"wp","href":"https:\/\/api.w.org\/{rel}","templated":true}]}}